{"id":974,"date":"2020-01-20T17:07:17","date_gmt":"2020-01-20T16:07:17","guid":{"rendered":"https:\/\/www.vratna.org\/?page_id=974"},"modified":"2026-01-21T18:23:33","modified_gmt":"2026-01-21T17:23:33","slug":"results","status":"publish","type":"page","link":"https:\/\/www.vratna.org\/en\/results\/","title":{"rendered":"Results"},"content":{"rendered":"<div id=\"pl-974\"  class=\"panel-layout\" ><div id=\"pg-974-0\"  class=\"panel-grid panel-no-style\" ><div id=\"pgc-974-0-0\"  class=\"panel-grid-cell\" ><div id=\"panel-974-0-0-0\" class=\"so-panel widget widget_sow-editor panel-first-child panel-last-child\" data-index=\"0\" ><div\n\t\t\t\n\t\t\tclass=\"so-widget-sow-editor so-widget-sow-editor-base\"\n\t\t\t\n\t\t><h3 class=\"widget-title\">Giant slalom Interkriterium 2026<\/h3>\n<div class=\"siteorigin-widget-tinymce textwidget\">\n\t<p><a href=\"https:\/\/www.vratna.org\/wp-content\/uploads\/2026\/01\/SVK6518-U14-Girls-_-Official-Results.pdf\">SVK6518 U14 Girls <\/a><\/p>\n<p><a href=\"https:\/\/www.vratna.org\/wp-content\/uploads\/2026\/01\/SVK1579-U14-Boys-_-Official-Results.pdf\">SVK1579 U14 Boys <\/a><\/p>\n<p><a href=\"https:\/\/www.vratna.org\/wp-content\/uploads\/2026\/01\/SVK6519-U16-Girls-_-Official-Results.pdf\">SVK6519 U16 Girls<\/a><\/p>\n<p><a href=\"https:\/\/www.vratna.org\/wp-content\/uploads\/2026\/01\/SVK1580-U16-Boys-_-Official-Results.pdf\">SVK1580 U16 Boys<\/a><\/p>\n<\/div>\n<\/div><\/div><\/div><div id=\"pgc-974-0-1\"  class=\"panel-grid-cell\" ><div id=\"panel-974-0-1-0\" class=\"so-panel widget widget_sow-editor panel-first-child panel-last-child\" data-index=\"1\" ><div\n\t\t\t\n\t\t\tclass=\"so-widget-sow-editor so-widget-sow-editor-base\"\n\t\t\t\n\t\t><h3 class=\"widget-title\">Slalom Interkriterium 2026<\/h3>\n<div class=\"siteorigin-widget-tinymce textwidget\">\n\t<p><a href=\"https:\/\/www.vratna.org\/wp-content\/uploads\/2026\/01\/SVK6521-U14-Girls.pdf\">SVK6521 U14 Girls<\/a><\/p>\n<p><a href=\"https:\/\/www.vratna.org\/wp-content\/uploads\/2026\/01\/SVK1582-U14-Boys.pdf\">SVK1582 U14 Boys<\/a><\/p>\n<p><a href=\"https:\/\/www.vratna.org\/wp-content\/uploads\/2026\/01\/SVK6520-U16-Girls.pdf\">SVK6520 U16 Girls<\/a><\/p>\n<p><a href=\"https:\/\/www.vratna.org\/wp-content\/uploads\/2026\/01\/SVK1581-U16-Boys.pdf\">SVK1581 U16 Boys<\/a><\/p>\n<\/div>\n<\/div><\/div><\/div><\/div><div id=\"pg-974-1\"  class=\"panel-grid panel-no-style\" ><div id=\"pgc-974-1-0\"  class=\"panel-grid-cell panel-grid-cell-empty panel-grid-cell-mobile-last\" ><\/div><div id=\"pgc-974-1-1\"  class=\"panel-grid-cell panel-grid-cell-empty\" ><\/div><\/div><\/div>","protected":false},"excerpt":{"rendered":"<p>SVK6518 U14 Girls SVK1579 U14 Boys SVK6519 U16 Girls SVK1580 U16 Boys SVK6521 U14 Girls SVK1582 U14 Boys SVK6520 U16 Girls SVK1581 U16 Boys<\/p>\n","protected":false},"author":4,"featured_media":0,"parent":0,"menu_order":0,"comment_status":"closed","ping_status":"closed","template":"","meta":[],"yoast_head":"<!-- This site is optimized with the Yoast SEO plugin v19.11 - https:\/\/yoast.com\/wordpress\/plugins\/seo\/ -->\n<title>Results - Vr\u00e1tna<\/title>\n<meta name=\"robots\" content=\"index, follow, max-snippet:-1, max-image-preview:large, max-video-preview:-1\" \/>\n<link rel=\"canonical\" href=\"https:\/\/www.vratna.org\/en\/results\/\" \/>\n<meta property=\"og:locale\" content=\"en_US\" \/>\n<meta property=\"og:type\" content=\"article\" \/>\n<meta property=\"og:title\" content=\"Results - Vr\u00e1tna\" \/>\n<meta property=\"og:description\" content=\"SVK6518 U14 Girls SVK1579 U14 Boys SVK6519 U16 Girls SVK1580 U16 Boys SVK6521 U14 Girls SVK1582 U14 Boys SVK6520 U16 Girls SVK1581 U16 Boys\" \/>\n<meta property=\"og:url\" content=\"https:\/\/www.vratna.org\/en\/results\/\" \/>\n<meta property=\"og:site_name\" content=\"Vr\u00e1tna\" \/>\n<meta property=\"article:modified_time\" content=\"2026-01-21T17:23:33+00:00\" \/>\n<meta name=\"twitter:card\" content=\"summary_large_image\" \/>\n<meta name=\"twitter:label1\" content=\"Est. reading time\" \/>\n\t<meta name=\"twitter:data1\" content=\"1 minute\" \/>\n<script type=\"application\/ld+json\" class=\"yoast-schema-graph\">{\"@context\":\"https:\/\/schema.org\",\"@graph\":[{\"@type\":\"WebPage\",\"@id\":\"https:\/\/www.vratna.org\/en\/results\/\",\"url\":\"https:\/\/www.vratna.org\/en\/results\/\",\"name\":\"Results - Vr\u00e1tna\",\"isPartOf\":{\"@id\":\"https:\/\/www.vratna.org\/#website\"},\"datePublished\":\"2020-01-20T16:07:17+00:00\",\"dateModified\":\"2026-01-21T17:23:33+00:00\",\"breadcrumb\":{\"@id\":\"https:\/\/www.vratna.org\/en\/results\/#breadcrumb\"},\"inLanguage\":\"en-US\",\"potentialAction\":[{\"@type\":\"ReadAction\",\"target\":[\"https:\/\/www.vratna.org\/en\/results\/\"]}]},{\"@type\":\"BreadcrumbList\",\"@id\":\"https:\/\/www.vratna.org\/en\/results\/#breadcrumb\",\"itemListElement\":[{\"@type\":\"ListItem\",\"position\":1,\"name\":\"Home\",\"item\":\"https:\/\/www.vratna.org\/en\/\"},{\"@type\":\"ListItem\",\"position\":2,\"name\":\"Results\"}]},{\"@type\":\"WebSite\",\"@id\":\"https:\/\/www.vratna.org\/#website\",\"url\":\"https:\/\/www.vratna.org\/\",\"name\":\"Vr\u00e1tna\",\"description\":\"Preteky Interkrit\u00e9rium vo Vr\u00e1tnej\",\"potentialAction\":[{\"@type\":\"SearchAction\",\"target\":{\"@type\":\"EntryPoint\",\"urlTemplate\":\"https:\/\/www.vratna.org\/?s={search_term_string}\"},\"query-input\":\"required name=search_term_string\"}],\"inLanguage\":\"en-US\"}]}<\/script>\n<!-- \/ Yoast SEO plugin. -->","yoast_head_json":{"title":"Results - Vr\u00e1tna","robots":{"index":"index","follow":"follow","max-snippet":"max-snippet:-1","max-image-preview":"max-image-preview:large","max-video-preview":"max-video-preview:-1"},"canonical":"https:\/\/www.vratna.org\/en\/results\/","og_locale":"en_US","og_type":"article","og_title":"Results - Vr\u00e1tna","og_description":"SVK6518 U14 Girls SVK1579 U14 Boys SVK6519 U16 Girls SVK1580 U16 Boys SVK6521 U14 Girls SVK1582 U14 Boys SVK6520 U16 Girls SVK1581 U16 Boys","og_url":"https:\/\/www.vratna.org\/en\/results\/","og_site_name":"Vr\u00e1tna","article_modified_time":"2026-01-21T17:23:33+00:00","twitter_card":"summary_large_image","twitter_misc":{"Est. reading time":"1 minute"},"schema":{"@context":"https:\/\/schema.org","@graph":[{"@type":"WebPage","@id":"https:\/\/www.vratna.org\/en\/results\/","url":"https:\/\/www.vratna.org\/en\/results\/","name":"Results - Vr\u00e1tna","isPartOf":{"@id":"https:\/\/www.vratna.org\/#website"},"datePublished":"2020-01-20T16:07:17+00:00","dateModified":"2026-01-21T17:23:33+00:00","breadcrumb":{"@id":"https:\/\/www.vratna.org\/en\/results\/#breadcrumb"},"inLanguage":"en-US","potentialAction":[{"@type":"ReadAction","target":["https:\/\/www.vratna.org\/en\/results\/"]}]},{"@type":"BreadcrumbList","@id":"https:\/\/www.vratna.org\/en\/results\/#breadcrumb","itemListElement":[{"@type":"ListItem","position":1,"name":"Home","item":"https:\/\/www.vratna.org\/en\/"},{"@type":"ListItem","position":2,"name":"Results"}]},{"@type":"WebSite","@id":"https:\/\/www.vratna.org\/#website","url":"https:\/\/www.vratna.org\/","name":"Vr\u00e1tna","description":"Preteky Interkrit\u00e9rium vo Vr\u00e1tnej","potentialAction":[{"@type":"SearchAction","target":{"@type":"EntryPoint","urlTemplate":"https:\/\/www.vratna.org\/?s={search_term_string}"},"query-input":"required name=search_term_string"}],"inLanguage":"en-US"}]}},"_links":{"self":[{"href":"https:\/\/www.vratna.org\/en\/wp-json\/wp\/v2\/pages\/974"}],"collection":[{"href":"https:\/\/www.vratna.org\/en\/wp-json\/wp\/v2\/pages"}],"about":[{"href":"https:\/\/www.vratna.org\/en\/wp-json\/wp\/v2\/types\/page"}],"author":[{"embeddable":true,"href":"https:\/\/www.vratna.org\/en\/wp-json\/wp\/v2\/users\/4"}],"replies":[{"embeddable":true,"href":"https:\/\/www.vratna.org\/en\/wp-json\/wp\/v2\/comments?post=974"}],"version-history":[{"count":15,"href":"https:\/\/www.vratna.org\/en\/wp-json\/wp\/v2\/pages\/974\/revisions"}],"predecessor-version":[{"id":2166,"href":"https:\/\/www.vratna.org\/en\/wp-json\/wp\/v2\/pages\/974\/revisions\/2166"}],"wp:attachment":[{"href":"https:\/\/www.vratna.org\/en\/wp-json\/wp\/v2\/media?parent=974"}],"curies":[{"name":"wp","href":"https:\/\/api.w.org\/{rel}","templated":true}]}}