{"id":684,"date":"2019-07-17T08:47:24","date_gmt":"2019-07-17T06:47:24","guid":{"rendered":"https:\/\/www.vratna.org\/ubytovanie\/"},"modified":"2024-01-10T10:58:17","modified_gmt":"2024-01-10T09:58:17","slug":"accommodation","status":"publish","type":"page","link":"https:\/\/www.vratna.org\/en\/accommodation\/","title":{"rendered":"Accommodation"},"content":{"rendered":"<div id=\"pl-684\"  class=\"panel-layout\" ><div id=\"pg-684-0\"  class=\"panel-grid panel-no-style\" ><div id=\"pgc-684-0-0\"  class=\"panel-grid-cell\" ><div id=\"panel-684-0-0-0\" class=\"so-panel widget widget_sow-editor panel-first-child panel-last-child\" data-index=\"0\" ><div\n\t\t\t\n\t\t\tclass=\"so-widget-sow-editor so-widget-sow-editor-base\"\n\t\t\t\n\t\t>\n<div class=\"siteorigin-widget-tinymce textwidget\">\n\t<h1 class=\"page_title\">Boboty\u00a0Hotel<\/h1>\n<\/div>\n<\/div><\/div><\/div><\/div><div id=\"pg-684-1\"  class=\"panel-grid panel-has-style\" ><div class=\"panel-row-style panel-row-style-for-684-1\" ><div id=\"pgc-684-1-0\"  class=\"panel-grid-cell\" ><div id=\"panel-684-1-0-0\" class=\"so-panel widget widget_sow-image panel-first-child panel-last-child\" data-index=\"1\" ><div\n\t\t\t\n\t\t\tclass=\"so-widget-sow-image so-widget-sow-image-default-8b5b6f678277-684\"\n\t\t\t\n\t\t>\n\n<div class=\"sow-image-container\">\n\t\t<img src=\"https:\/\/www.vratna.org\/wp-content\/uploads\/2019\/07\/hotel-boboty-novy-exterier14.jpg\" width=\"1200\" height=\"801\" srcset=\"https:\/\/www.vratna.org\/wp-content\/uploads\/2019\/07\/hotel-boboty-novy-exterier14.jpg 1200w, https:\/\/www.vratna.org\/wp-content\/uploads\/2019\/07\/hotel-boboty-novy-exterier14-300x200.jpg 300w, https:\/\/www.vratna.org\/wp-content\/uploads\/2019\/07\/hotel-boboty-novy-exterier14-768x513.jpg 768w, https:\/\/www.vratna.org\/wp-content\/uploads\/2019\/07\/hotel-boboty-novy-exterier14-1024x684.jpg 1024w, https:\/\/www.vratna.org\/wp-content\/uploads\/2019\/07\/hotel-boboty-novy-exterier14-480x320.jpg 480w, https:\/\/www.vratna.org\/wp-content\/uploads\/2019\/07\/hotel-boboty-novy-exterier14-992x662.jpg 992w, https:\/\/www.vratna.org\/wp-content\/uploads\/2019\/07\/hotel-boboty-novy-exterier14-272x182.jpg 272w\" sizes=\"(max-width: 1200px) 100vw, 1200px\" alt=\"\" loading=\"lazy\" \t\tclass=\"so-widget-image\"\/>\n\t<\/div>\n\n<\/div><\/div><\/div><div id=\"pgc-684-1-1\"  class=\"panel-grid-cell panel-grid-cell-mobile-last\" ><div id=\"panel-684-1-1-0\" class=\"so-panel widget widget_sow-editor panel-first-child panel-last-child\" data-index=\"2\" ><div class=\"panel-widget-style panel-widget-style-for-684-1-1-0\" ><div\n\t\t\t\n\t\t\tclass=\"so-widget-sow-editor so-widget-sow-editor-base\"\n\t\t\t\n\t\t>\n<div class=\"siteorigin-widget-tinymce textwidget\">\n\t<h3> Boboty\u00a0Hotel is one of the few hotels located directly in the Vr\u00e1tna Valley, which offers an active way to spend your holiday during both summer and winter seasons.<\/h3>\n<p>In the beautiful hills of the National Park of Mal\u00e1 Fatra, you can wind down and relax or enjoy many activities on offer in the area. The Mal\u00e1 Fatra mountain range is a beautiful and sought-after place by mountain hiking enthusiasts. Hiking trails near the hotel and Vr\u00e1tna Valley are ideal for easy hikes and walks in nature, while also satisfying more demanding hikers.<\/p>\n<\/div>\n<\/div><\/div><\/div><\/div><div id=\"pgc-684-1-2\"  class=\"panel-grid-cell panel-grid-cell-empty\" ><\/div><\/div><\/div><div id=\"pg-684-2\"  class=\"panel-grid panel-has-style\" ><div class=\"panel-row-style panel-row-style-for-684-2\" ><div id=\"pgc-684-2-0\"  class=\"panel-grid-cell\" ><div id=\"panel-684-2-0-0\" class=\"so-panel widget widget_sow-editor panel-first-child panel-last-child\" data-index=\"3\" ><div class=\"panel-widget-style panel-widget-style-for-684-2-0-0\" ><div\n\t\t\t\n\t\t\tclass=\"so-widget-sow-editor so-widget-sow-editor-base\"\n\t\t\t\n\t\t>\n<div class=\"siteorigin-widget-tinymce textwidget\">\n\t<h1> Ski resort<br \/>\nVr\u00e1tna<\/h1>\n<p>One of the best ski resorts in Slovakia, which is found only 2 kilometres away from Boboty Hotel and offers ski slopes for beginners as well as experienced skiers. The ski resort offers many discounts for clients of Boboty Hotel, both during summer and winter months.<\/p>\n<\/div>\n<\/div><\/div><\/div><\/div><div id=\"pgc-684-2-1\"  class=\"panel-grid-cell panel-grid-cell-empty\" ><\/div><div id=\"pgc-684-2-2\"  class=\"panel-grid-cell\" ><div id=\"panel-684-2-2-0\" class=\"so-panel widget widget_sow-image panel-first-child panel-last-child\" data-index=\"4\" ><div\n\t\t\t\n\t\t\tclass=\"so-widget-sow-image so-widget-sow-image-default-dbf295114b96-684\"\n\t\t\t\n\t\t>\n\n<div class=\"sow-image-container\">\n\t\t<img src=\"https:\/\/www.vratna.org\/wp-content\/uploads\/2019\/07\/6284.jpg\" width=\"1202\" height=\"800\" srcset=\"https:\/\/www.vratna.org\/wp-content\/uploads\/2019\/07\/6284.jpg 1202w, https:\/\/www.vratna.org\/wp-content\/uploads\/2019\/07\/6284-300x200.jpg 300w, https:\/\/www.vratna.org\/wp-content\/uploads\/2019\/07\/6284-768x511.jpg 768w, https:\/\/www.vratna.org\/wp-content\/uploads\/2019\/07\/6284-1024x682.jpg 1024w, https:\/\/www.vratna.org\/wp-content\/uploads\/2019\/07\/6284-480x319.jpg 480w, https:\/\/www.vratna.org\/wp-content\/uploads\/2019\/07\/6284-992x660.jpg 992w, https:\/\/www.vratna.org\/wp-content\/uploads\/2019\/07\/6284-1200x799.jpg 1200w, https:\/\/www.vratna.org\/wp-content\/uploads\/2019\/07\/6284-272x182.jpg 272w\" sizes=\"(max-width: 1202px) 100vw, 1202px\" alt=\"\" loading=\"lazy\" \t\tclass=\"so-widget-image\"\/>\n\t<\/div>\n\n<\/div><\/div><\/div><\/div><\/div><div id=\"pg-684-3\"  class=\"panel-grid panel-no-style\" ><div id=\"pgc-684-3-0\"  class=\"panel-grid-cell panel-grid-cell-empty\" ><\/div><div id=\"pgc-684-3-1\"  class=\"panel-grid-cell panel-grid-cell-mobile-last\" ><div id=\"panel-684-3-1-0\" class=\"so-panel widget widget_sow-editor panel-first-child panel-last-child\" data-index=\"5\" ><div\n\t\t\t\n\t\t\tclass=\"so-widget-sow-editor so-widget-sow-editor-base\"\n\t\t\t\n\t\t>\n<div class=\"siteorigin-widget-tinymce textwidget\">\n\t<h2 style=\"text-align: center;\"><strong> The hotel\u2019s accommodation capacity is 142 beds and 40 extra beds, on offer are 1 to 4-bedroom en suite rooms, apartments and family rooms.\u00a0<\/strong><\/h2>\n<\/div>\n<\/div><\/div><\/div><div id=\"pgc-684-3-2\"  class=\"panel-grid-cell panel-grid-cell-empty\" ><\/div><\/div><div id=\"pg-684-4\"  class=\"panel-grid panel-has-style\" ><div class=\"panel-row-style panel-row-style-for-684-4\" ><div id=\"pgc-684-4-0\"  class=\"panel-grid-cell\" ><div id=\"panel-684-4-0-0\" class=\"so-panel widget widget_sow-image panel-first-child panel-last-child\" data-index=\"6\" ><div\n\t\t\t\n\t\t\tclass=\"so-widget-sow-image so-widget-sow-image-default-dbf295114b96-684\"\n\t\t\t\n\t\t>\n\n<div class=\"sow-image-container\">\n\t\t<img src=\"https:\/\/www.vratna.org\/wp-content\/uploads\/2019\/07\/Jednol\u00f4\u017ekov\u00e1-izba-\u0160tanard.jpg\" width=\"800\" height=\"533\" srcset=\"https:\/\/www.vratna.org\/wp-content\/uploads\/2019\/07\/Jednol\u00f4\u017ekov\u00e1-izba-\u0160tanard.jpg 800w, https:\/\/www.vratna.org\/wp-content\/uploads\/2019\/07\/Jednol\u00f4\u017ekov\u00e1-izba-\u0160tanard-300x200.jpg 300w, https:\/\/www.vratna.org\/wp-content\/uploads\/2019\/07\/Jednol\u00f4\u017ekov\u00e1-izba-\u0160tanard-768x512.jpg 768w, https:\/\/www.vratna.org\/wp-content\/uploads\/2019\/07\/Jednol\u00f4\u017ekov\u00e1-izba-\u0160tanard-480x320.jpg 480w, https:\/\/www.vratna.org\/wp-content\/uploads\/2019\/07\/Jednol\u00f4\u017ekov\u00e1-izba-\u0160tanard-272x182.jpg 272w\" sizes=\"(max-width: 800px) 100vw, 800px\" alt=\"\" loading=\"lazy\" \t\tclass=\"so-widget-image\"\/>\n\t<\/div>\n\n<\/div><\/div><\/div><div id=\"pgc-684-4-1\"  class=\"panel-grid-cell panel-grid-cell-empty\" ><\/div><div id=\"pgc-684-4-2\"  class=\"panel-grid-cell\" ><div id=\"panel-684-4-2-0\" class=\"so-panel widget widget_sow-editor panel-first-child panel-last-child\" data-index=\"7\" ><div class=\"panel-widget-style panel-widget-style-for-684-4-2-0\" ><div\n\t\t\t\n\t\t\tclass=\"so-widget-sow-editor so-widget-sow-editor-base\"\n\t\t\t\n\t\t>\n<div class=\"siteorigin-widget-tinymce textwidget\">\n\t<h1>Single<br \/>\nroom<\/h1>\n<p>A room facing north with a view of the Boboty Massif. The room has one bed and a bathroom with a shower.<\/p>\n<\/div>\n<\/div><\/div><\/div><\/div><\/div><\/div><div id=\"pg-684-5\"  class=\"panel-grid panel-has-style\" ><div class=\"panel-row-style panel-row-style-for-684-5\" ><div id=\"pgc-684-5-0\"  class=\"panel-grid-cell\" ><div id=\"panel-684-5-0-0\" class=\"so-panel widget widget_sow-editor panel-first-child panel-last-child\" data-index=\"8\" ><div class=\"panel-widget-style panel-widget-style-for-684-5-0-0\" ><div\n\t\t\t\n\t\t\tclass=\"so-widget-sow-editor so-widget-sow-editor-base\"\n\t\t\t\n\t\t>\n<div class=\"siteorigin-widget-tinymce textwidget\">\n\t<h1> Double room<br \/>\nMal\u00e1 Fatra<\/h1>\n<p>Thanks to the beautiful view of Mal\u00e1 Fatra\u2019s ridge, the Mal\u00e1 Fatra room is one of the most favoured rooms in the hotel. The room has one bedroom with a double bed, a bathroom with a bath and a balcony with a view of the summits of Mal\u00e1 Fatra. An extra bed is available for a fee. The room is south-facing.<\/p>\n<\/div>\n<\/div><\/div><\/div><\/div><div id=\"pgc-684-5-1\"  class=\"panel-grid-cell panel-grid-cell-empty\" ><\/div><div id=\"pgc-684-5-2\"  class=\"panel-grid-cell\" ><div id=\"panel-684-5-2-0\" class=\"so-panel widget widget_sow-image panel-first-child panel-last-child\" data-index=\"9\" ><div\n\t\t\t\n\t\t\tclass=\"so-widget-sow-image so-widget-sow-image-default-dbf295114b96-684\"\n\t\t\t\n\t\t>\n\n<div class=\"sow-image-container\">\n\t\t<img src=\"https:\/\/www.vratna.org\/wp-content\/uploads\/2019\/07\/dvojl\u00f4\u017ekov\u00e1-izba-\u0160tandard-.jpg\" width=\"800\" height=\"533\" srcset=\"https:\/\/www.vratna.org\/wp-content\/uploads\/2019\/07\/dvojl\u00f4\u017ekov\u00e1-izba-\u0160tandard-.jpg 800w, https:\/\/www.vratna.org\/wp-content\/uploads\/2019\/07\/dvojl\u00f4\u017ekov\u00e1-izba-\u0160tandard--300x200.jpg 300w, https:\/\/www.vratna.org\/wp-content\/uploads\/2019\/07\/dvojl\u00f4\u017ekov\u00e1-izba-\u0160tandard--768x512.jpg 768w, https:\/\/www.vratna.org\/wp-content\/uploads\/2019\/07\/dvojl\u00f4\u017ekov\u00e1-izba-\u0160tandard--480x320.jpg 480w, https:\/\/www.vratna.org\/wp-content\/uploads\/2019\/07\/dvojl\u00f4\u017ekov\u00e1-izba-\u0160tandard--272x182.jpg 272w\" sizes=\"(max-width: 800px) 100vw, 800px\" alt=\"\" loading=\"lazy\" \t\tclass=\"so-widget-image\"\/>\n\t<\/div>\n\n<\/div><\/div><\/div><\/div><\/div><div id=\"pg-684-6\"  class=\"panel-grid panel-has-style\" ><div class=\"panel-row-style panel-row-style-for-684-6\" ><div id=\"pgc-684-6-0\"  class=\"panel-grid-cell\" ><div id=\"panel-684-6-0-0\" class=\"so-panel widget widget_sow-image panel-first-child panel-last-child\" data-index=\"10\" ><div\n\t\t\t\n\t\t\tclass=\"so-widget-sow-image so-widget-sow-image-default-dbf295114b96-684\"\n\t\t\t\n\t\t>\n\n<div class=\"sow-image-container\">\n\t\t<img src=\"https:\/\/www.vratna.org\/wp-content\/uploads\/2019\/07\/1_dvojl\u00f4\u017ekov\u00e1-izba-Komfort-2.jpg\" width=\"800\" height=\"533\" srcset=\"https:\/\/www.vratna.org\/wp-content\/uploads\/2019\/07\/1_dvojl\u00f4\u017ekov\u00e1-izba-Komfort-2.jpg 800w, https:\/\/www.vratna.org\/wp-content\/uploads\/2019\/07\/1_dvojl\u00f4\u017ekov\u00e1-izba-Komfort-2-300x200.jpg 300w, https:\/\/www.vratna.org\/wp-content\/uploads\/2019\/07\/1_dvojl\u00f4\u017ekov\u00e1-izba-Komfort-2-768x512.jpg 768w, https:\/\/www.vratna.org\/wp-content\/uploads\/2019\/07\/1_dvojl\u00f4\u017ekov\u00e1-izba-Komfort-2-480x320.jpg 480w, https:\/\/www.vratna.org\/wp-content\/uploads\/2019\/07\/1_dvojl\u00f4\u017ekov\u00e1-izba-Komfort-2-272x182.jpg 272w\" sizes=\"(max-width: 800px) 100vw, 800px\" alt=\"\" loading=\"lazy\" \t\tclass=\"so-widget-image\"\/>\n\t<\/div>\n\n<\/div><\/div><\/div><div id=\"pgc-684-6-1\"  class=\"panel-grid-cell panel-grid-cell-empty\" ><\/div><div id=\"pgc-684-6-2\"  class=\"panel-grid-cell\" ><div id=\"panel-684-6-2-0\" class=\"so-panel widget widget_sow-editor panel-first-child panel-last-child\" data-index=\"11\" ><div class=\"panel-widget-style panel-widget-style-for-684-6-2-0\" ><div\n\t\t\t\n\t\t\tclass=\"so-widget-sow-editor so-widget-sow-editor-base\"\n\t\t\t\n\t\t>\n<div class=\"siteorigin-widget-tinymce textwidget\">\n\t<h1>Double rooms<br \/>\nBoboty, Diery<\/h1>\n<p>The Boboty room is north-facing with a view of the Boboty Massif. The room has one double bed and a bathroom with a shower. The Diery room has two single beds and also faces north. The Boboty room is north-facing with a view of the Boboty Massif. The room has one double bed and a bathroom with a shower. The Diery room has two single beds and also faces north.<\/p>\n<\/div>\n<\/div><\/div><\/div><\/div><\/div><\/div><div id=\"pg-684-7\"  class=\"panel-grid panel-has-style\" ><div class=\"panel-row-style panel-row-style-for-684-7\" ><div id=\"pgc-684-7-0\"  class=\"panel-grid-cell\" ><div id=\"panel-684-7-0-0\" class=\"so-panel widget widget_sow-editor panel-first-child panel-last-child\" data-index=\"12\" ><div class=\"panel-widget-style panel-widget-style-for-684-7-0-0\" ><div\n\t\t\t\n\t\t\tclass=\"so-widget-sow-editor so-widget-sow-editor-base\"\n\t\t\t\n\t\t>\n<div class=\"siteorigin-widget-tinymce textwidget\">\n\t<h1> Family<br \/>\nroom<\/h1>\n<p>The family room faces north and is ideal for families with children. It has two bedrooms, each equipped with two beds. The room has one bathroom with a shower and a balcony.<\/p>\n<\/div>\n<\/div><\/div><\/div><\/div><div id=\"pgc-684-7-1\"  class=\"panel-grid-cell panel-grid-cell-empty\" ><\/div><div id=\"pgc-684-7-2\"  class=\"panel-grid-cell\" ><div id=\"panel-684-7-2-0\" class=\"so-panel widget widget_sow-image panel-first-child panel-last-child\" data-index=\"13\" ><div\n\t\t\t\n\t\t\tclass=\"so-widget-sow-image so-widget-sow-image-default-dbf295114b96-684\"\n\t\t\t\n\t\t>\n\n<div class=\"sow-image-container\">\n\t\t<img src=\"https:\/\/www.vratna.org\/wp-content\/uploads\/2019\/07\/rodinna-bunka-standard-2.jpg\" width=\"800\" height=\"534\" srcset=\"https:\/\/www.vratna.org\/wp-content\/uploads\/2019\/07\/rodinna-bunka-standard-2.jpg 800w, https:\/\/www.vratna.org\/wp-content\/uploads\/2019\/07\/rodinna-bunka-standard-2-300x200.jpg 300w, https:\/\/www.vratna.org\/wp-content\/uploads\/2019\/07\/rodinna-bunka-standard-2-768x513.jpg 768w, https:\/\/www.vratna.org\/wp-content\/uploads\/2019\/07\/rodinna-bunka-standard-2-480x320.jpg 480w, https:\/\/www.vratna.org\/wp-content\/uploads\/2019\/07\/rodinna-bunka-standard-2-272x182.jpg 272w\" sizes=\"(max-width: 800px) 100vw, 800px\" alt=\"\" loading=\"lazy\" \t\tclass=\"so-widget-image\"\/>\n\t<\/div>\n\n<\/div><\/div><\/div><\/div><\/div><div id=\"pg-684-8\"  class=\"panel-grid panel-has-style\" ><div class=\"panel-row-style panel-row-style-for-684-8\" ><div id=\"pgc-684-8-0\"  class=\"panel-grid-cell\" ><div id=\"panel-684-8-0-0\" class=\"so-panel widget widget_sow-image panel-first-child panel-last-child\" data-index=\"14\" ><div\n\t\t\t\n\t\t\tclass=\"so-widget-sow-image so-widget-sow-image-default-dbf295114b96-684\"\n\t\t\t\n\t\t>\n\n<div class=\"sow-image-container\">\n\t\t<img src=\"https:\/\/www.vratna.org\/wp-content\/uploads\/2019\/07\/apartman-1.jpg\" width=\"800\" height=\"534\" srcset=\"https:\/\/www.vratna.org\/wp-content\/uploads\/2019\/07\/apartman-1.jpg 800w, https:\/\/www.vratna.org\/wp-content\/uploads\/2019\/07\/apartman-1-300x200.jpg 300w, https:\/\/www.vratna.org\/wp-content\/uploads\/2019\/07\/apartman-1-768x513.jpg 768w, https:\/\/www.vratna.org\/wp-content\/uploads\/2019\/07\/apartman-1-480x320.jpg 480w, https:\/\/www.vratna.org\/wp-content\/uploads\/2019\/07\/apartman-1-272x182.jpg 272w\" sizes=\"(max-width: 800px) 100vw, 800px\" alt=\"\" loading=\"lazy\" \t\tclass=\"so-widget-image\"\/>\n\t<\/div>\n\n<\/div><\/div><\/div><div id=\"pgc-684-8-1\"  class=\"panel-grid-cell panel-grid-cell-empty\" ><\/div><div id=\"pgc-684-8-2\"  class=\"panel-grid-cell\" ><div id=\"panel-684-8-2-0\" class=\"so-panel widget widget_sow-editor panel-first-child panel-last-child\" data-index=\"15\" ><div class=\"panel-widget-style panel-widget-style-for-684-8-2-0\" ><div\n\t\t\t\n\t\t\tclass=\"so-widget-sow-editor so-widget-sow-editor-base\"\n\t\t\t\n\t\t>\n<div class=\"siteorigin-widget-tinymce textwidget\">\n\t<h1>Apartment <\/h1>\n<p>South-facing room with a view of the ridge of Mal\u00e1 Fatra. The room has two bathrooms, one bedroom with two beds, a living room with a sofa bed and a balcony with a view of Mal\u00e1 Fatra.<\/p>\n<\/div>\n<\/div><\/div><\/div><\/div><\/div><\/div><div id=\"pg-684-9\"  class=\"panel-grid panel-has-style\" ><div class=\"siteorigin-panels-stretch panel-row-style panel-row-style-for-684-9\" data-stretch-type=\"full-stretched\" ><div id=\"pgc-684-9-0\"  class=\"panel-grid-cell\" ><div id=\"panel-684-9-0-0\" class=\"so-panel widget widget_sow-editor panel-first-child panel-last-child\" data-index=\"16\" ><div class=\"panel-widget-style panel-widget-style-for-684-9-0-0\" ><div\n\t\t\t\n\t\t\tclass=\"so-widget-sow-editor so-widget-sow-editor-base\"\n\t\t\t\n\t\t>\n<div class=\"siteorigin-widget-tinymce textwidget\">\n\t<\/div>\n<\/div><\/div><\/div><\/div><\/div><\/div><div id=\"pg-684-10\"  class=\"panel-grid panel-has-style\" ><div class=\"panel-row-style panel-row-style-for-684-10\" ><div id=\"pgc-684-10-0\"  class=\"panel-grid-cell panel-grid-cell-empty\" ><\/div><div id=\"pgc-684-10-1\"  class=\"panel-grid-cell panel-grid-cell-empty panel-grid-cell-mobile-last\" ><\/div><div id=\"pgc-684-10-2\"  class=\"panel-grid-cell panel-grid-cell-empty\" ><\/div><\/div><\/div><\/div>","protected":false},"excerpt":{"rendered":"<p>Boboty\u00a0Hotel Boboty\u00a0Hotel is one of the few hotels located directly in the Vr\u00e1tna Valley, which offers an active way to spend your holiday during both summer and winter seasons. In the beautiful hills of the National Park of Mal\u00e1 Fatra, you can wind down and relax or enjoy many activities on offer in the area. [&hellip;]<\/p>\n","protected":false},"author":3,"featured_media":664,"parent":0,"menu_order":0,"comment_status":"closed","ping_status":"closed","template":"","meta":[],"yoast_head":"<!-- This site is optimized with the Yoast SEO plugin v19.11 - https:\/\/yoast.com\/wordpress\/plugins\/seo\/ -->\n<title>Accommodation - Vr\u00e1tna<\/title>\n<meta name=\"robots\" content=\"index, follow, max-snippet:-1, max-image-preview:large, max-video-preview:-1\" \/>\n<link rel=\"canonical\" href=\"https:\/\/www.vratna.org\/en\/accommodation\/\" \/>\n<meta property=\"og:locale\" content=\"en_US\" \/>\n<meta property=\"og:type\" content=\"article\" \/>\n<meta property=\"og:title\" content=\"Accommodation - Vr\u00e1tna\" \/>\n<meta property=\"og:description\" content=\"Boboty\u00a0Hotel Boboty\u00a0Hotel is one of the few hotels located directly in the Vr\u00e1tna Valley, which offers an active way to spend your holiday during both summer and winter seasons. In the beautiful hills of the National Park of Mal\u00e1 Fatra, you can wind down and relax or enjoy many activities on offer in the area. [&hellip;]\" \/>\n<meta property=\"og:url\" content=\"https:\/\/www.vratna.org\/en\/accommodation\/\" \/>\n<meta property=\"og:site_name\" content=\"Vr\u00e1tna\" \/>\n<meta property=\"article:modified_time\" content=\"2024-01-10T09:58:17+00:00\" \/>\n<meta property=\"og:image\" content=\"https:\/\/www.vratna.org\/wp-content\/uploads\/2019\/07\/19542395.jpg\" \/>\n\t<meta property=\"og:image:width\" content=\"1280\" \/>\n\t<meta property=\"og:image:height\" content=\"853\" \/>\n\t<meta property=\"og:image:type\" content=\"image\/jpeg\" \/>\n<meta name=\"twitter:card\" content=\"summary_large_image\" \/>\n<meta name=\"twitter:label1\" content=\"Est. reading time\" \/>\n\t<meta name=\"twitter:data1\" content=\"3 minutes\" \/>\n<script type=\"application\/ld+json\" class=\"yoast-schema-graph\">{\"@context\":\"https:\/\/schema.org\",\"@graph\":[{\"@type\":\"WebPage\",\"@id\":\"https:\/\/www.vratna.org\/en\/accommodation\/\",\"url\":\"https:\/\/www.vratna.org\/en\/accommodation\/\",\"name\":\"Accommodation - Vr\u00e1tna\",\"isPartOf\":{\"@id\":\"https:\/\/www.vratna.org\/#website\"},\"datePublished\":\"2019-07-17T06:47:24+00:00\",\"dateModified\":\"2024-01-10T09:58:17+00:00\",\"breadcrumb\":{\"@id\":\"https:\/\/www.vratna.org\/en\/accommodation\/#breadcrumb\"},\"inLanguage\":\"en-US\",\"potentialAction\":[{\"@type\":\"ReadAction\",\"target\":[\"https:\/\/www.vratna.org\/en\/accommodation\/\"]}]},{\"@type\":\"BreadcrumbList\",\"@id\":\"https:\/\/www.vratna.org\/en\/accommodation\/#breadcrumb\",\"itemListElement\":[{\"@type\":\"ListItem\",\"position\":1,\"name\":\"Home\",\"item\":\"https:\/\/www.vratna.org\/en\/\"},{\"@type\":\"ListItem\",\"position\":2,\"name\":\"Accommodation\"}]},{\"@type\":\"WebSite\",\"@id\":\"https:\/\/www.vratna.org\/#website\",\"url\":\"https:\/\/www.vratna.org\/\",\"name\":\"Vr\u00e1tna\",\"description\":\"Preteky Interkrit\u00e9rium vo Vr\u00e1tnej\",\"potentialAction\":[{\"@type\":\"SearchAction\",\"target\":{\"@type\":\"EntryPoint\",\"urlTemplate\":\"https:\/\/www.vratna.org\/?s={search_term_string}\"},\"query-input\":\"required name=search_term_string\"}],\"inLanguage\":\"en-US\"}]}<\/script>\n<!-- \/ Yoast SEO plugin. -->","yoast_head_json":{"title":"Accommodation - Vr\u00e1tna","robots":{"index":"index","follow":"follow","max-snippet":"max-snippet:-1","max-image-preview":"max-image-preview:large","max-video-preview":"max-video-preview:-1"},"canonical":"https:\/\/www.vratna.org\/en\/accommodation\/","og_locale":"en_US","og_type":"article","og_title":"Accommodation - Vr\u00e1tna","og_description":"Boboty\u00a0Hotel Boboty\u00a0Hotel is one of the few hotels located directly in the Vr\u00e1tna Valley, which offers an active way to spend your holiday during both summer and winter seasons. In the beautiful hills of the National Park of Mal\u00e1 Fatra, you can wind down and relax or enjoy many activities on offer in the area. [&hellip;]","og_url":"https:\/\/www.vratna.org\/en\/accommodation\/","og_site_name":"Vr\u00e1tna","article_modified_time":"2024-01-10T09:58:17+00:00","og_image":[{"width":1280,"height":853,"url":"https:\/\/www.vratna.org\/wp-content\/uploads\/2019\/07\/19542395.jpg","type":"image\/jpeg"}],"twitter_card":"summary_large_image","twitter_misc":{"Est. reading time":"3 minutes"},"schema":{"@context":"https:\/\/schema.org","@graph":[{"@type":"WebPage","@id":"https:\/\/www.vratna.org\/en\/accommodation\/","url":"https:\/\/www.vratna.org\/en\/accommodation\/","name":"Accommodation - Vr\u00e1tna","isPartOf":{"@id":"https:\/\/www.vratna.org\/#website"},"datePublished":"2019-07-17T06:47:24+00:00","dateModified":"2024-01-10T09:58:17+00:00","breadcrumb":{"@id":"https:\/\/www.vratna.org\/en\/accommodation\/#breadcrumb"},"inLanguage":"en-US","potentialAction":[{"@type":"ReadAction","target":["https:\/\/www.vratna.org\/en\/accommodation\/"]}]},{"@type":"BreadcrumbList","@id":"https:\/\/www.vratna.org\/en\/accommodation\/#breadcrumb","itemListElement":[{"@type":"ListItem","position":1,"name":"Home","item":"https:\/\/www.vratna.org\/en\/"},{"@type":"ListItem","position":2,"name":"Accommodation"}]},{"@type":"WebSite","@id":"https:\/\/www.vratna.org\/#website","url":"https:\/\/www.vratna.org\/","name":"Vr\u00e1tna","description":"Preteky Interkrit\u00e9rium vo Vr\u00e1tnej","potentialAction":[{"@type":"SearchAction","target":{"@type":"EntryPoint","urlTemplate":"https:\/\/www.vratna.org\/?s={search_term_string}"},"query-input":"required name=search_term_string"}],"inLanguage":"en-US"}]}},"_links":{"self":[{"href":"https:\/\/www.vratna.org\/en\/wp-json\/wp\/v2\/pages\/684"}],"collection":[{"href":"https:\/\/www.vratna.org\/en\/wp-json\/wp\/v2\/pages"}],"about":[{"href":"https:\/\/www.vratna.org\/en\/wp-json\/wp\/v2\/types\/page"}],"author":[{"embeddable":true,"href":"https:\/\/www.vratna.org\/en\/wp-json\/wp\/v2\/users\/3"}],"replies":[{"embeddable":true,"href":"https:\/\/www.vratna.org\/en\/wp-json\/wp\/v2\/comments?post=684"}],"version-history":[{"count":10,"href":"https:\/\/www.vratna.org\/en\/wp-json\/wp\/v2\/pages\/684\/revisions"}],"predecessor-version":[{"id":1508,"href":"https:\/\/www.vratna.org\/en\/wp-json\/wp\/v2\/pages\/684\/revisions\/1508"}],"wp:featuredmedia":[{"embeddable":true,"href":"https:\/\/www.vratna.org\/en\/wp-json\/wp\/v2\/media\/664"}],"wp:attachment":[{"href":"https:\/\/www.vratna.org\/en\/wp-json\/wp\/v2\/media?parent=684"}],"curies":[{"name":"wp","href":"https:\/\/api.w.org\/{rel}","templated":true}]}}