{"id":2043,"date":"2025-09-05T08:58:26","date_gmt":"2025-09-05T06:58:26","guid":{"rendered":"https:\/\/www.vratna.org\/?page_id=2043"},"modified":"2025-09-05T08:58:26","modified_gmt":"2025-09-05T06:58:26","slug":"disclosure","status":"publish","type":"page","link":"https:\/\/www.vratna.org\/en\/disclosure\/","title":{"rendered":"Disclosure"},"content":{"rendered":"<p><strong>Subsidies received<\/strong>:<\/p>\n<p>Ministry of Tourism and Sport of the Slovak Republic<\/p>\n<p>Agreement on the provision of subsidies for sports in 2025<\/p>\n<p>Subsidy amount: EUR 4,333.50<\/p>\n<p>Paid to the recipient&#8217;s account: July 11, 2025<\/p>\n<p>&nbsp;<\/p>\n<p><strong>List of costs for which these funds were used<\/strong>:<\/p>\n<p>Cooper Agendy s.r.o. ID No.: 52306976<\/p>\n<p>Rental of display equipment during the 2025 sport event &#8220;FIS Children INTERKRITERIUM Vr\u00e1tna 2025&#8221;<\/p>\n<p>Total price: \u20ac4,500.00<\/p>\n<p>Funds used from the subsidy: \u20ac4,333.50<\/p>\n<p>Translated with DeepL.com (free version)<\/p>\n<p>&nbsp;<\/p>\n<p><strong>Documents<\/strong><\/p>\n<p><a href=\"https:\/\/www.vratna.org\/wp-content\/uploads\/2025\/09\/ZalohovaFaktura_0022025-Interkriterium-2025.pdf\">ZalohovaFaktura_0022025 Interkriterium 2025<\/a><\/p>\n<p><a href=\"https:\/\/www.vratna.org\/wp-content\/uploads\/2025\/09\/Faktura_20250002-Interkriterium-Cooper-1.pdf\">Faktura_20250002 Interkriterium Cooper 1<\/a><\/p>\n<p><a href=\"https:\/\/www.vratna.org\/wp-content\/uploads\/2025\/09\/Pohyby_Detail_sk_20250904191107.pdf\">Pohyby_Detail_sk_20250904191107<\/a><\/p>\n<p><a href=\"https:\/\/www.vratna.org\/wp-content\/uploads\/2025\/09\/Pohyby_Detail_sk_20250904191510.pdf\">Pohyby_Detail_sk_20250904191510<\/a><\/p>\n","protected":false},"excerpt":{"rendered":"<p>Subsidies received: Ministry of Tourism and Sport of the Slovak Republic Agreement on the provision of subsidies for sports in 2025 Subsidy amount: EUR 4,333.50 Paid to the recipient&#8217;s account: July 11, 2025 &nbsp; List of costs for which these funds were used: Cooper Agendy s.r.o. ID No.: 52306976 Rental of display equipment during the [&hellip;]<\/p>\n","protected":false},"author":4,"featured_media":0,"parent":0,"menu_order":0,"comment_status":"closed","ping_status":"closed","template":"","meta":[],"yoast_head":"<!-- This site is optimized with the Yoast SEO plugin v19.11 - https:\/\/yoast.com\/wordpress\/plugins\/seo\/ -->\n<title>Disclosure - Vr\u00e1tna<\/title>\n<meta name=\"robots\" content=\"index, follow, max-snippet:-1, max-image-preview:large, max-video-preview:-1\" \/>\n<link rel=\"canonical\" href=\"https:\/\/www.vratna.org\/en\/disclosure\/\" \/>\n<meta property=\"og:locale\" content=\"en_US\" \/>\n<meta property=\"og:type\" content=\"article\" \/>\n<meta property=\"og:title\" content=\"Disclosure - Vr\u00e1tna\" \/>\n<meta property=\"og:description\" content=\"Subsidies received: Ministry of Tourism and Sport of the Slovak Republic Agreement on the provision of subsidies for sports in 2025 Subsidy amount: EUR 4,333.50 Paid to the recipient&#8217;s account: July 11, 2025 &nbsp; List of costs for which these funds were used: Cooper Agendy s.r.o. ID No.: 52306976 Rental of display equipment during the [&hellip;]\" \/>\n<meta property=\"og:url\" content=\"https:\/\/www.vratna.org\/en\/disclosure\/\" \/>\n<meta property=\"og:site_name\" content=\"Vr\u00e1tna\" \/>\n<meta name=\"twitter:card\" content=\"summary_large_image\" \/>\n<meta name=\"twitter:label1\" content=\"Est. reading time\" \/>\n\t<meta name=\"twitter:data1\" content=\"1 minute\" \/>\n<script type=\"application\/ld+json\" class=\"yoast-schema-graph\">{\"@context\":\"https:\/\/schema.org\",\"@graph\":[{\"@type\":\"WebPage\",\"@id\":\"https:\/\/www.vratna.org\/en\/disclosure\/\",\"url\":\"https:\/\/www.vratna.org\/en\/disclosure\/\",\"name\":\"Disclosure - Vr\u00e1tna\",\"isPartOf\":{\"@id\":\"https:\/\/www.vratna.org\/#website\"},\"datePublished\":\"2025-09-05T06:58:26+00:00\",\"dateModified\":\"2025-09-05T06:58:26+00:00\",\"breadcrumb\":{\"@id\":\"https:\/\/www.vratna.org\/en\/disclosure\/#breadcrumb\"},\"inLanguage\":\"en-US\",\"potentialAction\":[{\"@type\":\"ReadAction\",\"target\":[\"https:\/\/www.vratna.org\/en\/disclosure\/\"]}]},{\"@type\":\"BreadcrumbList\",\"@id\":\"https:\/\/www.vratna.org\/en\/disclosure\/#breadcrumb\",\"itemListElement\":[{\"@type\":\"ListItem\",\"position\":1,\"name\":\"Home\",\"item\":\"https:\/\/www.vratna.org\/en\/\"},{\"@type\":\"ListItem\",\"position\":2,\"name\":\"Disclosure\"}]},{\"@type\":\"WebSite\",\"@id\":\"https:\/\/www.vratna.org\/#website\",\"url\":\"https:\/\/www.vratna.org\/\",\"name\":\"Vr\u00e1tna\",\"description\":\"Preteky Interkrit\u00e9rium vo Vr\u00e1tnej\",\"potentialAction\":[{\"@type\":\"SearchAction\",\"target\":{\"@type\":\"EntryPoint\",\"urlTemplate\":\"https:\/\/www.vratna.org\/?s={search_term_string}\"},\"query-input\":\"required name=search_term_string\"}],\"inLanguage\":\"en-US\"}]}<\/script>\n<!-- \/ Yoast SEO plugin. -->","yoast_head_json":{"title":"Disclosure - Vr\u00e1tna","robots":{"index":"index","follow":"follow","max-snippet":"max-snippet:-1","max-image-preview":"max-image-preview:large","max-video-preview":"max-video-preview:-1"},"canonical":"https:\/\/www.vratna.org\/en\/disclosure\/","og_locale":"en_US","og_type":"article","og_title":"Disclosure - Vr\u00e1tna","og_description":"Subsidies received: Ministry of Tourism and Sport of the Slovak Republic Agreement on the provision of subsidies for sports in 2025 Subsidy amount: EUR 4,333.50 Paid to the recipient&#8217;s account: July 11, 2025 &nbsp; List of costs for which these funds were used: Cooper Agendy s.r.o. ID No.: 52306976 Rental of display equipment during the [&hellip;]","og_url":"https:\/\/www.vratna.org\/en\/disclosure\/","og_site_name":"Vr\u00e1tna","twitter_card":"summary_large_image","twitter_misc":{"Est. reading time":"1 minute"},"schema":{"@context":"https:\/\/schema.org","@graph":[{"@type":"WebPage","@id":"https:\/\/www.vratna.org\/en\/disclosure\/","url":"https:\/\/www.vratna.org\/en\/disclosure\/","name":"Disclosure - Vr\u00e1tna","isPartOf":{"@id":"https:\/\/www.vratna.org\/#website"},"datePublished":"2025-09-05T06:58:26+00:00","dateModified":"2025-09-05T06:58:26+00:00","breadcrumb":{"@id":"https:\/\/www.vratna.org\/en\/disclosure\/#breadcrumb"},"inLanguage":"en-US","potentialAction":[{"@type":"ReadAction","target":["https:\/\/www.vratna.org\/en\/disclosure\/"]}]},{"@type":"BreadcrumbList","@id":"https:\/\/www.vratna.org\/en\/disclosure\/#breadcrumb","itemListElement":[{"@type":"ListItem","position":1,"name":"Home","item":"https:\/\/www.vratna.org\/en\/"},{"@type":"ListItem","position":2,"name":"Disclosure"}]},{"@type":"WebSite","@id":"https:\/\/www.vratna.org\/#website","url":"https:\/\/www.vratna.org\/","name":"Vr\u00e1tna","description":"Preteky Interkrit\u00e9rium vo Vr\u00e1tnej","potentialAction":[{"@type":"SearchAction","target":{"@type":"EntryPoint","urlTemplate":"https:\/\/www.vratna.org\/?s={search_term_string}"},"query-input":"required name=search_term_string"}],"inLanguage":"en-US"}]}},"_links":{"self":[{"href":"https:\/\/www.vratna.org\/en\/wp-json\/wp\/v2\/pages\/2043"}],"collection":[{"href":"https:\/\/www.vratna.org\/en\/wp-json\/wp\/v2\/pages"}],"about":[{"href":"https:\/\/www.vratna.org\/en\/wp-json\/wp\/v2\/types\/page"}],"author":[{"embeddable":true,"href":"https:\/\/www.vratna.org\/en\/wp-json\/wp\/v2\/users\/4"}],"replies":[{"embeddable":true,"href":"https:\/\/www.vratna.org\/en\/wp-json\/wp\/v2\/comments?post=2043"}],"version-history":[{"count":1,"href":"https:\/\/www.vratna.org\/en\/wp-json\/wp\/v2\/pages\/2043\/revisions"}],"predecessor-version":[{"id":2044,"href":"https:\/\/www.vratna.org\/en\/wp-json\/wp\/v2\/pages\/2043\/revisions\/2044"}],"wp:attachment":[{"href":"https:\/\/www.vratna.org\/en\/wp-json\/wp\/v2\/media?parent=2043"}],"curies":[{"name":"wp","href":"https:\/\/api.w.org\/{rel}","templated":true}]}}