{"id":1009,"date":"2020-01-20T22:10:03","date_gmt":"2020-01-20T21:10:03","guid":{"rendered":"https:\/\/www.vratna.org\/?page_id=1009"},"modified":"2020-02-04T19:12:41","modified_gmt":"2020-02-04T18:12:41","slug":"startovne-listiny","status":"publish","type":"page","link":"https:\/\/www.vratna.org\/en\/startovne-listiny\/","title":{"rendered":"\u0160tartovn\u00e9 listiny"},"content":{"rendered":"<div id=\"pl-1009\"  class=\"panel-layout\" ><div id=\"pg-1009-0\"  class=\"panel-grid panel-no-style\" ><div id=\"pgc-1009-0-0\"  class=\"panel-grid-cell\" ><div id=\"panel-1009-0-0-0\" class=\"so-panel widget widget_sow-editor panel-first-child panel-last-child\" data-index=\"0\" ><div\n\t\t\t\n\t\t\tclass=\"so-widget-sow-editor so-widget-sow-editor-base\"\n\t\t\t\n\t\t><h3 class=\"widget-title\">Start lists MSR 2020 Slalom<\/h3>\n<div class=\"siteorigin-widget-tinymce textwidget\">\n\t<h4><a href=\"https:\/\/www.vratna.org\/wp-content\/uploads\/2020\/02\/SL_M.pdf\" target=\"_blank\" rel=\"noopener\">SL Men<\/a><\/h4>\n<h4><a href=\"https:\/\/www.vratna.org\/wp-content\/uploads\/2020\/02\/SL_W.pdf\" target=\"_blank\" rel=\"noopener\">SL Women<\/a><\/h4>\n<h4><a href=\"https:\/\/www.vratna.org\/wp-content\/uploads\/2020\/02\/SVK6777-L-_-StartList-RUN-2.pdf\" target=\"_blank\" rel=\"noopener\">SL Women run2<\/a><\/h4>\n<h4><a href=\"https:\/\/www.vratna.org\/wp-content\/uploads\/2020\/02\/SVK1836-M-_-StartList-RUN-2.pdf\" target=\"_blank\" rel=\"noopener\">SL Men run 2<\/a><\/h4>\n<\/div>\n<\/div><\/div><\/div><div id=\"pgc-1009-0-1\"  class=\"panel-grid-cell\" ><div id=\"panel-1009-0-1-0\" class=\"so-panel widget widget_sow-editor panel-first-child panel-last-child\" data-index=\"1\" ><div\n\t\t\t\n\t\t\tclass=\"so-widget-sow-editor so-widget-sow-editor-base\"\n\t\t\t\n\t\t><h3 class=\"widget-title\">Start lists SVK NC 2020 Giant slalom<\/h3>\n<div class=\"siteorigin-widget-tinymce textwidget\">\n\t<p><a href=\"https:\/\/www.vratna.org\/wp-content\/uploads\/2020\/02\/GS-M.pdf\" target=\"_blank\" rel=\"noopener\">1835 GS Men Start list<\/a><\/p>\n<p><a href=\"https:\/\/www.vratna.org\/wp-content\/uploads\/2020\/02\/GS-L.pdf\" target=\"_blank\" rel=\"noopener\">6776 GS Ladies Start list<\/a><\/p>\n<\/div>\n<\/div><\/div><\/div><\/div><\/div>","protected":false},"excerpt":{"rendered":"<p>SL Men SL Women SL Women run2 SL Men run 2 1835 GS Men Start list 6776 GS Ladies Start list<\/p>\n","protected":false},"author":4,"featured_media":0,"parent":0,"menu_order":0,"comment_status":"closed","ping_status":"closed","template":"","meta":[],"yoast_head":"<!-- This site is optimized with the Yoast SEO plugin v19.11 - https:\/\/yoast.com\/wordpress\/plugins\/seo\/ -->\n<title>\u0160tartovn\u00e9 listiny - Vr\u00e1tna<\/title>\n<meta name=\"robots\" content=\"index, follow, max-snippet:-1, max-image-preview:large, max-video-preview:-1\" \/>\n<link rel=\"canonical\" href=\"https:\/\/www.vratna.org\/en\/startovne-listiny\/\" \/>\n<meta property=\"og:locale\" content=\"en_US\" \/>\n<meta property=\"og:type\" content=\"article\" \/>\n<meta property=\"og:title\" content=\"\u0160tartovn\u00e9 listiny - Vr\u00e1tna\" \/>\n<meta property=\"og:description\" content=\"SL Men SL Women SL Women run2 SL Men run 2 1835 GS Men Start list 6776 GS Ladies Start list\" \/>\n<meta property=\"og:url\" content=\"https:\/\/www.vratna.org\/en\/startovne-listiny\/\" \/>\n<meta property=\"og:site_name\" content=\"Vr\u00e1tna\" \/>\n<meta property=\"article:modified_time\" content=\"2020-02-04T18:12:41+00:00\" \/>\n<meta name=\"twitter:card\" content=\"summary_large_image\" \/>\n<script type=\"application\/ld+json\" class=\"yoast-schema-graph\">{\"@context\":\"https:\/\/schema.org\",\"@graph\":[{\"@type\":\"WebPage\",\"@id\":\"https:\/\/www.vratna.org\/en\/startovne-listiny\/\",\"url\":\"https:\/\/www.vratna.org\/en\/startovne-listiny\/\",\"name\":\"\u0160tartovn\u00e9 listiny - Vr\u00e1tna\",\"isPartOf\":{\"@id\":\"https:\/\/www.vratna.org\/#website\"},\"datePublished\":\"2020-01-20T21:10:03+00:00\",\"dateModified\":\"2020-02-04T18:12:41+00:00\",\"breadcrumb\":{\"@id\":\"https:\/\/www.vratna.org\/en\/startovne-listiny\/#breadcrumb\"},\"inLanguage\":\"en-US\",\"potentialAction\":[{\"@type\":\"ReadAction\",\"target\":[\"https:\/\/www.vratna.org\/en\/startovne-listiny\/\"]}]},{\"@type\":\"BreadcrumbList\",\"@id\":\"https:\/\/www.vratna.org\/en\/startovne-listiny\/#breadcrumb\",\"itemListElement\":[{\"@type\":\"ListItem\",\"position\":1,\"name\":\"Home\",\"item\":\"https:\/\/www.vratna.org\/en\/\"},{\"@type\":\"ListItem\",\"position\":2,\"name\":\"\u0160tartovn\u00e9 listiny\"}]},{\"@type\":\"WebSite\",\"@id\":\"https:\/\/www.vratna.org\/#website\",\"url\":\"https:\/\/www.vratna.org\/\",\"name\":\"Vr\u00e1tna\",\"description\":\"Preteky Interkrit\u00e9rium vo Vr\u00e1tnej\",\"potentialAction\":[{\"@type\":\"SearchAction\",\"target\":{\"@type\":\"EntryPoint\",\"urlTemplate\":\"https:\/\/www.vratna.org\/?s={search_term_string}\"},\"query-input\":\"required name=search_term_string\"}],\"inLanguage\":\"en-US\"}]}<\/script>\n<!-- \/ Yoast SEO plugin. -->","yoast_head_json":{"title":"\u0160tartovn\u00e9 listiny - Vr\u00e1tna","robots":{"index":"index","follow":"follow","max-snippet":"max-snippet:-1","max-image-preview":"max-image-preview:large","max-video-preview":"max-video-preview:-1"},"canonical":"https:\/\/www.vratna.org\/en\/startovne-listiny\/","og_locale":"en_US","og_type":"article","og_title":"\u0160tartovn\u00e9 listiny - Vr\u00e1tna","og_description":"SL Men SL Women SL Women run2 SL Men run 2 1835 GS Men Start list 6776 GS Ladies Start list","og_url":"https:\/\/www.vratna.org\/en\/startovne-listiny\/","og_site_name":"Vr\u00e1tna","article_modified_time":"2020-02-04T18:12:41+00:00","twitter_card":"summary_large_image","schema":{"@context":"https:\/\/schema.org","@graph":[{"@type":"WebPage","@id":"https:\/\/www.vratna.org\/en\/startovne-listiny\/","url":"https:\/\/www.vratna.org\/en\/startovne-listiny\/","name":"\u0160tartovn\u00e9 listiny - Vr\u00e1tna","isPartOf":{"@id":"https:\/\/www.vratna.org\/#website"},"datePublished":"2020-01-20T21:10:03+00:00","dateModified":"2020-02-04T18:12:41+00:00","breadcrumb":{"@id":"https:\/\/www.vratna.org\/en\/startovne-listiny\/#breadcrumb"},"inLanguage":"en-US","potentialAction":[{"@type":"ReadAction","target":["https:\/\/www.vratna.org\/en\/startovne-listiny\/"]}]},{"@type":"BreadcrumbList","@id":"https:\/\/www.vratna.org\/en\/startovne-listiny\/#breadcrumb","itemListElement":[{"@type":"ListItem","position":1,"name":"Home","item":"https:\/\/www.vratna.org\/en\/"},{"@type":"ListItem","position":2,"name":"\u0160tartovn\u00e9 listiny"}]},{"@type":"WebSite","@id":"https:\/\/www.vratna.org\/#website","url":"https:\/\/www.vratna.org\/","name":"Vr\u00e1tna","description":"Preteky Interkrit\u00e9rium vo Vr\u00e1tnej","potentialAction":[{"@type":"SearchAction","target":{"@type":"EntryPoint","urlTemplate":"https:\/\/www.vratna.org\/?s={search_term_string}"},"query-input":"required name=search_term_string"}],"inLanguage":"en-US"}]}},"_links":{"self":[{"href":"https:\/\/www.vratna.org\/en\/wp-json\/wp\/v2\/pages\/1009"}],"collection":[{"href":"https:\/\/www.vratna.org\/en\/wp-json\/wp\/v2\/pages"}],"about":[{"href":"https:\/\/www.vratna.org\/en\/wp-json\/wp\/v2\/types\/page"}],"author":[{"embeddable":true,"href":"https:\/\/www.vratna.org\/en\/wp-json\/wp\/v2\/users\/4"}],"replies":[{"embeddable":true,"href":"https:\/\/www.vratna.org\/en\/wp-json\/wp\/v2\/comments?post=1009"}],"version-history":[{"count":6,"href":"https:\/\/www.vratna.org\/en\/wp-json\/wp\/v2\/pages\/1009\/revisions"}],"predecessor-version":[{"id":1104,"href":"https:\/\/www.vratna.org\/en\/wp-json\/wp\/v2\/pages\/1009\/revisions\/1104"}],"wp:attachment":[{"href":"https:\/\/www.vratna.org\/en\/wp-json\/wp\/v2\/media?parent=1009"}],"curies":[{"name":"wp","href":"https:\/\/api.w.org\/{rel}","templated":true}]}}